{"id":226,"date":"2026-03-27T18:58:25","date_gmt":"2026-03-27T18:58:25","guid":{"rendered":"https:\/\/mdhorizon.fr\/?page_id=226"},"modified":"2026-03-27T19:03:04","modified_gmt":"2026-03-27T19:03:04","slug":"mentions-legales-2","status":"publish","type":"page","link":"https:\/\/mdhorizon.fr\/index.php\/mentions-legales-2\/","title":{"rendered":"Mentions l\u00e9gales"},"content":{"rendered":"\t\t<div data-elementor-type=\"wp-page\" data-elementor-id=\"226\" class=\"elementor elementor-226\">\n\t\t\t\t<div class=\"elementor-element elementor-element-4a25c69 e-flex e-con-boxed e-con e-parent\" data-id=\"4a25c69\" data-element_type=\"container\" data-e-type=\"container\">\n\t\t\t\t\t<div class=\"e-con-inner\">\n\t\t\t\t<div class=\"elementor-element elementor-element-731e017 elementor-drop-cap-yes elementor-drop-cap-view-default elementor-widget elementor-widget-text-editor\" data-id=\"731e017\" data-element_type=\"widget\" data-e-type=\"widget\" data-settings=\"{&quot;drop_cap&quot;:&quot;yes&quot;}\" data-widget_type=\"text-editor.default\">\n\t\t\t\t\t\t\t\t\t<p><strong><span dir=\"auto\" style=\"vertical-align: inherit;\"><span dir=\"auto\" style=\"vertical-align: inherit;\">1. \u00c9diteur du site<\/span><\/span><\/strong><br \/><br \/><span dir=\"auto\" style=\"vertical-align: inherit;\"><span dir=\"auto\" style=\"vertical-align: inherit;\">Le pr\u00e9sent site est \u00e9dit\u00e9 par :<\/span><\/span><br \/><br \/><span dir=\"auto\" style=\"vertical-align: inherit;\"><span dir=\"auto\" style=\"vertical-align: inherit;\">MD HORIZON <\/span><\/span><br \/><span dir=\"auto\" style=\"vertical-align: inherit;\"><span dir=\"auto\" style=\"vertical-align: inherit;\">Mathilde Ducass\u00e9 (Micro-entrepreneur) <\/span><\/span><br \/><span dir=\"auto\" style=\"vertical-align: inherit;\"><span dir=\"auto\" style=\"vertical-align: inherit;\">SIREN : 102257870 <\/span><\/span><br \/><span dir=\"auto\" style=\"vertical-align: inherit;\"><span dir=\"auto\" style=\"vertical-align: inherit;\">Bas\u00e9e \u00e0 Frouzins <\/span><\/span><br \/><span dir=\"auto\" style=\"vertical-align: inherit;\"><span dir=\"auto\" style=\"vertical-align: inherit;\">contact@mdhorizon.fr<\/span><\/span><br \/><br \/><span dir=\"auto\" style=\"vertical-align: inherit;\"><span dir=\"auto\" style=\"vertical-align: inherit;\">Directrice de la publication : Mathilde Ducass\u00e9<\/span><\/span><br \/><br \/><span dir=\"auto\" style=\"vertical-align: inherit;\"><span dir=\"auto\" style=\"vertical-align: inherit;\">____________________________<\/span><\/span><br \/><br \/><strong><span dir=\"auto\" style=\"vertical-align: inherit;\"><span dir=\"auto\" style=\"vertical-align: inherit;\">2. H\u00e9bergement du site<\/span><\/span><\/strong><br \/><br \/> <br \/><span dir=\"auto\" style=\"vertical-align: inherit;\"><span dir=\"auto\" style=\"vertical-align: inherit;\">Le site est h\u00e9berg\u00e9 par :<\/span><\/span><br \/><br \/><span dir=\"auto\" style=\"vertical-align: inherit;\"><span dir=\"auto\" style=\"vertical-align: inherit;\">OVH <\/span><\/span><br \/><span dir=\"auto\" style=\"vertical-align: inherit;\"><span dir=\"auto\" style=\"vertical-align: inherit;\">SAS au capital de 10 174 560\u20ac <\/span><\/span><br \/><span dir=\"auto\" style=\"vertical-align: inherit;\"><span dir=\"auto\" style=\"vertical-align: inherit;\">RCS LILLE METROPOLE 424 761 419 00045 <\/span><\/span><br \/><span dir=\"auto\" style=\"vertical-align: inherit;\"><span dir=\"auto\" style=\"vertical-align: inherit;\">Code APE 2620Z &#8211; N\u00b0TVA FR22424761419 <\/span><\/span><br \/><span dir=\"auto\" style=\"vertical-align: inherit;\"><span dir=\"auto\" style=\"vertical-align: inherit;\">SIREN : 424 761 419 <\/span><\/span><br \/><span dir=\"auto\" style=\"vertical-align: inherit;\"><span dir=\"auto\" style=\"vertical-align: inherit;\">2 rue Kellermann BP 80157 <\/span><\/span><br \/><span dir=\"auto\" style=\"vertical-align: inherit;\"><span dir=\"auto\" style=\"vertical-align: inherit;\">59053 ROUBAIX CEDEX 1<\/span><\/span><br \/><br \/><span dir=\"auto\" style=\"vertical-align: inherit;\"><span dir=\"auto\" style=\"vertical-align: inherit;\">________________________________________ <\/span><\/span><br \/><strong><span dir=\"auto\" style=\"vertical-align: inherit;\"><span dir=\"auto\" style=\"vertical-align: inherit;\">3. Propri\u00e9t\u00e9 intellectuelle<\/span><\/span><\/strong><br \/><br \/> <br \/><span dir=\"auto\" style=\"vertical-align: inherit;\"><span dir=\"auto\" style=\"vertical-align: inherit;\">L&rsquo;ensemble du contenu du site (textes, images, logos, \u00e9l\u00e9ments graphiques, etc.) est la propri\u00e9t\u00e9 exclusive de MD HORIZON, sauf mention contraire. <\/span><\/span><br \/><span dir=\"auto\" style=\"vertical-align: inherit;\"><span dir=\"auto\" style=\"vertical-align: inherit;\">Toute reproduction, repr\u00e9sentation, modification, publication ou adaptation, totale ou partielle, est interdite sans autorisation pr\u00e9alable. <\/span><\/span><br \/><span dir=\"auto\" style=\"vertical-align: inherit;\"><span dir=\"auto\" style=\"vertical-align: inherit;\">________________________________________ <\/span><\/span><br \/><strong><span dir=\"auto\" style=\"vertical-align: inherit;\"><span dir=\"auto\" style=\"vertical-align: inherit;\">4. Responsabilit\u00e9<\/span><\/span><\/strong><br \/><br \/> <br \/><span dir=\"auto\" style=\"vertical-align: inherit;\"><span dir=\"auto\" style=\"vertical-align: inherit;\">MD HORIZON s&rsquo;efforce de fournir des informations aussi pr\u00e9cises que possible. <\/span><\/span><br \/><span dir=\"auto\" style=\"vertical-align: inherit;\"><span dir=\"auto\" style=\"vertical-align: inherit;\">Toutefois, l&rsquo;\u00e9diteur ne pourra \u00eatre tenu responsable des omissions, inexactitudes ou carences dans la mise \u00e0 jour. <\/span><\/span><br \/><span dir=\"auto\" style=\"vertical-align: inherit;\"><span dir=\"auto\" style=\"vertical-align: inherit;\">L&rsquo;utilisateur est seul responsable de l&rsquo;utilisation des informations fournies sur le site. <\/span><\/span><br \/><span dir=\"auto\" style=\"vertical-align: inherit;\"><span dir=\"auto\" style=\"vertical-align: inherit;\">________________________________________ <\/span><\/span><br \/><strong><span dir=\"auto\" style=\"vertical-align: inherit;\"><span dir=\"auto\" style=\"vertical-align: inherit;\">5. Donn\u00e9es personnelles <\/span><\/span><\/strong><br \/><span dir=\"auto\" style=\"vertical-align: inherit;\"><span dir=\"auto\" style=\"vertical-align: inherit;\">Les informations relatives \u00e0 la collecte et au traitement des donn\u00e9es personnelles sont d\u00e9taill\u00e9es dans la Politique de confidentialit\u00e9, accessible sur le site. <\/span><\/span><br \/><span dir=\"auto\" style=\"vertical-align: inherit;\"><span dir=\"auto\" style=\"vertical-align: inherit;\">________________________________________ <\/span><\/span><br \/><strong><span dir=\"auto\" style=\"vertical-align: inherit;\"><span dir=\"auto\" style=\"vertical-align: inherit;\">6. M\u00e9diation de la consommation <\/span><\/span><\/strong><br \/><span dir=\"auto\" style=\"vertical-align: inherit;\"><span dir=\"auto\" style=\"vertical-align: inherit;\">Conform\u00e9ment aux dispositions du Code de la consommation, le client a le droit d&rsquo;utiliser gratuitement \u00e0 un m\u00e9diateur de la consommation en vue de la r\u00e9solution amiable d&rsquo;un litige. <\/span><\/span><br \/><span dir=\"auto\" style=\"vertical-align: inherit;\"><span dir=\"auto\" style=\"vertical-align: inherit;\">Apr\u00e8s d\u00e9marche \u00e9crite pr\u00e9alable aupr\u00e8s de MD HORIZON, le client peut saisir le m\u00e9diateur suivant :<\/span><\/span><\/p><p><br \/><em>La Soci\u00e9t\u00e9 M\u00e9diation Professionnelle<\/em><br \/><em>http:\/\/www.mediateur-consommation-smp.fr<\/em><br \/><em>Alteritae 5 rue Salvaing 12000 Rodez<\/em><br \/><br \/><\/p>\t\t\t\t\t\t\t\t<\/div>\n\t\t\t\t\t<\/div>\n\t\t\t\t<\/div>\n\t\t\t\t<\/div>\n\t\t","protected":false},"excerpt":{"rendered":"<p>1. \u00c9diteur du site Le pr\u00e9sent site est \u00e9dit\u00e9 par : MD HORIZON Mathilde Ducass\u00e9 (Micro-entrepreneur) SIREN : 102257870 Bas\u00e9e [&hellip;]<\/p>\n","protected":false},"author":1,"featured_media":0,"parent":0,"menu_order":0,"comment_status":"closed","ping_status":"closed","template":"","meta":{"site-sidebar-layout":"default","site-content-layout":"","ast-site-content-layout":"default","site-content-style":"default","site-sidebar-style":"default","ast-global-header-display":"","ast-banner-title-visibility":"","ast-main-header-display":"","ast-hfb-above-header-display":"","ast-hfb-below-header-display":"","ast-hfb-mobile-header-display":"","site-post-title":"","ast-breadcrumbs-content":"","ast-featured-img":"","footer-sml-layout":"","ast-disable-related-posts":"","theme-transparent-header-meta":"","adv-header-id-meta":"","stick-header-meta":"","header-above-stick-meta":"","header-main-stick-meta":"","header-below-stick-meta":"","astra-migrate-meta-layouts":"default","ast-page-background-enabled":"default","ast-page-background-meta":{"desktop":{"background-color":"var(--ast-global-color-5)","background-image":"","background-repeat":"repeat","background-position":"center center","background-size":"auto","background-attachment":"scroll","background-type":"","background-media":"","overlay-type":"","overlay-color":"","overlay-opacity":"","overlay-gradient":""},"tablet":{"background-color":"","background-image":"","background-repeat":"repeat","background-position":"center center","background-size":"auto","background-attachment":"scroll","background-type":"","background-media":"","overlay-type":"","overlay-color":"","overlay-opacity":"","overlay-gradient":""},"mobile":{"background-color":"","background-image":"","background-repeat":"repeat","background-position":"center center","background-size":"auto","background-attachment":"scroll","background-type":"","background-media":"","overlay-type":"","overlay-color":"","overlay-opacity":"","overlay-gradient":""}},"ast-content-background-meta":{"desktop":{"background-color":"var(--ast-global-color-4)","background-image":"","background-repeat":"repeat","background-position":"center center","background-size":"auto","background-attachment":"scroll","background-type":"","background-media":"","overlay-type":"","overlay-color":"","overlay-opacity":"","overlay-gradient":""},"tablet":{"background-color":"var(--ast-global-color-4)","background-image":"","background-repeat":"repeat","background-position":"center center","background-size":"auto","background-attachment":"scroll","background-type":"","background-media":"","overlay-type":"","overlay-color":"","overlay-opacity":"","overlay-gradient":""},"mobile":{"background-color":"var(--ast-global-color-4)","background-image":"","background-repeat":"repeat","background-position":"center center","background-size":"auto","background-attachment":"scroll","background-type":"","background-media":"","overlay-type":"","overlay-color":"","overlay-opacity":"","overlay-gradient":""}},"footnotes":""},"class_list":["post-226","page","type-page","status-publish","hentry"],"_links":{"self":[{"href":"https:\/\/mdhorizon.fr\/index.php\/wp-json\/wp\/v2\/pages\/226","targetHints":{"allow":["GET"]}}],"collection":[{"href":"https:\/\/mdhorizon.fr\/index.php\/wp-json\/wp\/v2\/pages"}],"about":[{"href":"https:\/\/mdhorizon.fr\/index.php\/wp-json\/wp\/v2\/types\/page"}],"author":[{"embeddable":true,"href":"https:\/\/mdhorizon.fr\/index.php\/wp-json\/wp\/v2\/users\/1"}],"replies":[{"embeddable":true,"href":"https:\/\/mdhorizon.fr\/index.php\/wp-json\/wp\/v2\/comments?post=226"}],"version-history":[{"count":4,"href":"https:\/\/mdhorizon.fr\/index.php\/wp-json\/wp\/v2\/pages\/226\/revisions"}],"predecessor-version":[{"id":230,"href":"https:\/\/mdhorizon.fr\/index.php\/wp-json\/wp\/v2\/pages\/226\/revisions\/230"}],"wp:attachment":[{"href":"https:\/\/mdhorizon.fr\/index.php\/wp-json\/wp\/v2\/media?parent=226"}],"curies":[{"name":"wp","href":"https:\/\/api.w.org\/{rel}","templated":true}]}}